{"id":268,"date":"2023-09-15T22:07:13","date_gmt":"2023-09-15T22:07:13","guid":{"rendered":"https:\/\/www.grupoaltopatagonia.cl\/soldpack\/?page_id=268"},"modified":"2023-09-15T23:39:44","modified_gmt":"2023-09-15T23:39:44","slug":"nosotros","status":"publish","type":"page","link":"https:\/\/www.grupoaltopatagonia.cl\/soldpack\/nosotros\/","title":{"rendered":"Nosotros"},"content":{"rendered":"\t\t<div data-elementor-type=\"wp-page\" data-elementor-id=\"268\" class=\"elementor elementor-268\" data-elementor-post-type=\"page\">\n\t\t\t\t\t\t\t<div class=\"elementor-element elementor-element-ec8f2d2 e-flex e-con-boxed e-con e-parent\" data-id=\"ec8f2d2\" data-element_type=\"container\" data-settings=\"{&quot;background_background&quot;:&quot;classic&quot;,&quot;container_type&quot;:&quot;flex&quot;,&quot;content_width&quot;:&quot;boxed&quot;}\" data-core-v316-plus=\"true\">\n\t\t\t\t\t<div class=\"e-con-inner\">\n\t\t\t\t<div class=\"elementor-element elementor-element-f1fdbd1 elementor-widget elementor-widget-heading\" data-id=\"f1fdbd1\" data-element_type=\"widget\" data-widget_type=\"heading.default\">\n\t\t\t\t<div class=\"elementor-widget-container\">\n\t\t\t<style>\/*! elementor - v3.16.0 - 20-09-2023 *\/\n.elementor-heading-title{padding:0;margin:0;line-height:1}.elementor-widget-heading .elementor-heading-title[class*=elementor-size-]>a{color:inherit;font-size:inherit;line-height:inherit}.elementor-widget-heading .elementor-heading-title.elementor-size-small{font-size:15px}.elementor-widget-heading .elementor-heading-title.elementor-size-medium{font-size:19px}.elementor-widget-heading .elementor-heading-title.elementor-size-large{font-size:29px}.elementor-widget-heading .elementor-heading-title.elementor-size-xl{font-size:39px}.elementor-widget-heading .elementor-heading-title.elementor-size-xxl{font-size:59px}<\/style><h2 class=\"elementor-heading-title elementor-size-default\">Nosotros<\/h2>\t\t<\/div>\n\t\t\t\t<\/div>\n\t\t\t\t\t<\/div>\n\t\t\t\t<\/div>\n\t\t<div class=\"elementor-element elementor-element-43b9e2c e-flex e-con-boxed e-con e-parent\" data-id=\"43b9e2c\" data-element_type=\"container\" data-settings=\"{&quot;background_background&quot;:&quot;classic&quot;,&quot;container_type&quot;:&quot;flex&quot;,&quot;content_width&quot;:&quot;boxed&quot;}\" data-core-v316-plus=\"true\">\n\t\t\t\t\t<div class=\"e-con-inner\">\n\t\t<div class=\"elementor-element elementor-element-e2fc8c9 e-con-full e-flex e-con e-child\" data-id=\"e2fc8c9\" data-element_type=\"container\" id=\"main-parent\" data-settings=\"{&quot;content_width&quot;:&quot;full&quot;,&quot;background_background&quot;:&quot;classic&quot;,&quot;container_type&quot;:&quot;flex&quot;}\">\n\t\t<div class=\"elementor-element elementor-element-8333dec single-card e-flex e-con-boxed e-con e-child\" data-id=\"8333dec\" data-element_type=\"container\" id=\"card-one\" data-settings=\"{&quot;container_type&quot;:&quot;flex&quot;,&quot;content_width&quot;:&quot;boxed&quot;}\">\n\t\t\t\t\t<div class=\"e-con-inner\">\n\t\t\t\t<div class=\"elementor-element elementor-element-dd1c0c1 elementor-widget elementor-widget-heading\" data-id=\"dd1c0c1\" data-element_type=\"widget\" data-widget_type=\"heading.default\">\n\t\t\t\t<div class=\"elementor-widget-container\">\n\t\t\t<h2 class=\"elementor-heading-title elementor-size-default\">Misi\u00f3n<\/h2>\t\t<\/div>\n\t\t\t\t<\/div>\n\t\t\t\t<div class=\"elementor-element elementor-element-a7fc57f elementor-widget elementor-widget-text-editor\" data-id=\"a7fc57f\" data-element_type=\"widget\" data-widget_type=\"text-editor.default\">\n\t\t\t\t<div class=\"elementor-widget-container\">\n\t\t\t<style>\/*! elementor - v3.16.0 - 20-09-2023 *\/\n.elementor-widget-text-editor.elementor-drop-cap-view-stacked .elementor-drop-cap{background-color:#69727d;color:#fff}.elementor-widget-text-editor.elementor-drop-cap-view-framed .elementor-drop-cap{color:#69727d;border:3px solid;background-color:transparent}.elementor-widget-text-editor:not(.elementor-drop-cap-view-default) .elementor-drop-cap{margin-top:8px}.elementor-widget-text-editor:not(.elementor-drop-cap-view-default) .elementor-drop-cap-letter{width:1em;height:1em}.elementor-widget-text-editor .elementor-drop-cap{float:left;text-align:center;line-height:1;font-size:50px}.elementor-widget-text-editor .elementor-drop-cap-letter{display:inline-block}<\/style>\t\t\t\t<p>Ofrecer cada d\u00eda un mejor servicio, atenci\u00f3n y calidad en todos nuestros productos, tanto en la fabricaci\u00f3n como en la distribuci\u00f3n, esto, con un excelente trato personalizado a nuestros clientes que redunde en un mejor costo y tiempo de entrega.<\/p>\t\t\t\t\t\t<\/div>\n\t\t\t\t<\/div>\n\t\t\t\t\t<\/div>\n\t\t\t\t<\/div>\n\t\t<div class=\"elementor-element elementor-element-f7efddd single-card e-flex e-con-boxed e-con e-child\" data-id=\"f7efddd\" data-element_type=\"container\" id=\"card-two\" data-settings=\"{&quot;container_type&quot;:&quot;flex&quot;,&quot;content_width&quot;:&quot;boxed&quot;}\">\n\t\t\t\t\t<div class=\"e-con-inner\">\n\t\t\t\t<div class=\"elementor-element elementor-element-8d9bf70 elementor-widget elementor-widget-heading\" data-id=\"8d9bf70\" data-element_type=\"widget\" data-widget_type=\"heading.default\">\n\t\t\t\t<div class=\"elementor-widget-container\">\n\t\t\t<h2 class=\"elementor-heading-title elementor-size-default\">Visi\u00f3n<\/h2>\t\t<\/div>\n\t\t\t\t<\/div>\n\t\t\t\t<div class=\"elementor-element elementor-element-b3ab6d9 elementor-widget elementor-widget-text-editor\" data-id=\"b3ab6d9\" data-element_type=\"widget\" data-widget_type=\"text-editor.default\">\n\t\t\t\t<div class=\"elementor-widget-container\">\n\t\t\t\t\t\t\t<p>Ser una empresa l\u00edder en el mercado de la transformaci\u00f3n de cart\u00f3n corrugado, comprometidos en proporcionar productos y servicios de calidad que satisfagan las cambiantes necesidades del mercado y principalmente de nuestros clientes, todo esto por medio de maquinaria de \u00faltima generaci\u00f3n; as\u00ed como procesos que respeten tiempos de entrega pactados.<\/p>\t\t\t\t\t\t<\/div>\n\t\t\t\t<\/div>\n\t\t\t\t\t<\/div>\n\t\t\t\t<\/div>\n\t\t<div class=\"elementor-element elementor-element-bb5f961 single-card e-flex e-con-boxed e-con e-child\" data-id=\"bb5f961\" data-element_type=\"container\" data-settings=\"{&quot;container_type&quot;:&quot;flex&quot;,&quot;content_width&quot;:&quot;boxed&quot;}\">\n\t\t\t\t\t<div class=\"e-con-inner\">\n\t\t\t\t<div class=\"elementor-element elementor-element-0a018a2 elementor-widget elementor-widget-heading\" data-id=\"0a018a2\" data-element_type=\"widget\" data-widget_type=\"heading.default\">\n\t\t\t\t<div class=\"elementor-widget-container\">\n\t\t\t<h2 class=\"elementor-heading-title elementor-size-default\">Calidad<\/h2>\t\t<\/div>\n\t\t\t\t<\/div>\n\t\t\t\t<div class=\"elementor-element elementor-element-7514d78 elementor-widget elementor-widget-text-editor\" data-id=\"7514d78\" data-element_type=\"widget\" data-widget_type=\"text-editor.default\">\n\t\t\t\t<div class=\"elementor-widget-container\">\n\t\t\t\t\t\t\t<p>Ser una empresa con la s\u00f3lida estructura organizacional que proporcione bienestar a sus\u00a0empleados, clientes y proveedores. Consolidar el liderazgo regional de nuestra empresa\u00a0sosteniendo un crecimiento y mejora integral en nuestra organizaci\u00f3n.<\/p>\t\t\t\t\t\t<\/div>\n\t\t\t\t<\/div>\n\t\t\t\t\t<\/div>\n\t\t\t\t<\/div>\n\t\t\t\t<\/div>\n\t\t\t\t\t<\/div>\n\t\t\t\t<\/div>\n\t\t<div class=\"elementor-element elementor-element-29c0190 e-flex e-con-boxed e-con e-parent\" data-id=\"29c0190\" data-element_type=\"container\" data-settings=\"{&quot;container_type&quot;:&quot;flex&quot;,&quot;content_width&quot;:&quot;boxed&quot;}\" data-core-v316-plus=\"true\">\n\t\t\t\t\t<div class=\"e-con-inner\">\n\t\t\t\t<div class=\"elementor-element elementor-element-c099a35 elementor-widget elementor-widget-html\" data-id=\"c099a35\" data-element_type=\"widget\" data-widget_type=\"html.default\">\n\t\t\t\t<div class=\"elementor-widget-container\">\n\t\t\t<script src=\"https:\/\/code.jquery.com\/jquery-3.6.0.min.js\"><\/script>\r\n<script type=\"text\/javascript\">\r\nvar $ = jQuery;\r\n\/\/Image One\r\nvar ImgOne = \"url(https:\/\/www.grupoaltopatagonia.cl\/soldpack\/wp-content\/uploads\/2023\/09\/Screenshot-1.png)\";\r\n\/\/Image Two\r\nvar ImgTwo = \"url(https:\/\/www.grupoaltopatagonia.cl\/soldpack\/wp-content\/uploads\/2023\/09\/Screenshot-s1.png)\";\r\n    $(document).ready(function(){\r\n        \r\n    $('#card-one').hover(function(){\r\n        $('#main-parent').css(\"background-image\", ImgOne)\r\n    }, function(){\r\n        $('#main-parent').css(\"background-image\", \"\")\r\n    });\r\n    \r\n    $('#card-two').hover(function(){\r\n        $('#main-parent').css(\"background-image\", ImgTwo)\r\n    }, function(){\r\n        $('#main-parent').css(\"background-image\", \"\")\r\n    })\r\n    \r\n    \r\n    })\r\n<\/script>\t\t<\/div>\n\t\t\t\t<\/div>\n\t\t\t\t\t<\/div>\n\t\t\t\t<\/div>\n\t\t\t\t\t\t\t<\/div>\n\t\t","protected":false},"excerpt":{"rendered":"<p>Nosotros Misi\u00f3n Ofrecer cada d\u00eda un mejor servicio, atenci\u00f3n y calidad en todos nuestros productos, tanto en la fabricaci\u00f3n como en la distribuci\u00f3n, esto, con un excelente trato personalizado a nuestros clientes que redunde en un mejor costo y tiempo de entrega. Visi\u00f3n Ser una empresa l\u00edder en el mercado de la transformaci\u00f3n de cart\u00f3n &hellip;<\/p>\n<p class=\"read-more\"> <a class=\"\" href=\"https:\/\/www.grupoaltopatagonia.cl\/soldpack\/nosotros\/\"> <span class=\"screen-reader-text\">Nosotros<\/span> Leer m\u00e1s &raquo;<\/a><\/p>\n","protected":false},"author":1,"featured_media":0,"parent":0,"menu_order":0,"comment_status":"closed","ping_status":"closed","template":"","meta":{"site-sidebar-layout":"no-sidebar","site-content-layout":"","ast-site-content-layout":"full-width-container","site-content-style":"default","site-sidebar-style":"default","ast-global-header-display":"","ast-banner-title-visibility":"","ast-main-header-display":"","ast-hfb-above-header-display":"","ast-hfb-below-header-display":"","ast-hfb-mobile-header-display":"","site-post-title":"disabled","ast-breadcrumbs-content":"","ast-featured-img":"disabled","footer-sml-layout":"","theme-transparent-header-meta":"","adv-header-id-meta":"","stick-header-meta":"","header-above-stick-meta":"","header-main-stick-meta":"","header-below-stick-meta":"","astra-migrate-meta-layouts":"","_joinchat":[],"footnotes":""},"class_list":["post-268","page","type-page","status-publish","hentry"],"_links":{"self":[{"href":"https:\/\/www.grupoaltopatagonia.cl\/soldpack\/wp-json\/wp\/v2\/pages\/268","targetHints":{"allow":["GET"]}}],"collection":[{"href":"https:\/\/www.grupoaltopatagonia.cl\/soldpack\/wp-json\/wp\/v2\/pages"}],"about":[{"href":"https:\/\/www.grupoaltopatagonia.cl\/soldpack\/wp-json\/wp\/v2\/types\/page"}],"author":[{"embeddable":true,"href":"https:\/\/www.grupoaltopatagonia.cl\/soldpack\/wp-json\/wp\/v2\/users\/1"}],"replies":[{"embeddable":true,"href":"https:\/\/www.grupoaltopatagonia.cl\/soldpack\/wp-json\/wp\/v2\/comments?post=268"}],"version-history":[{"count":19,"href":"https:\/\/www.grupoaltopatagonia.cl\/soldpack\/wp-json\/wp\/v2\/pages\/268\/revisions"}],"predecessor-version":[{"id":305,"href":"https:\/\/www.grupoaltopatagonia.cl\/soldpack\/wp-json\/wp\/v2\/pages\/268\/revisions\/305"}],"wp:attachment":[{"href":"https:\/\/www.grupoaltopatagonia.cl\/soldpack\/wp-json\/wp\/v2\/media?parent=268"}],"curies":[{"name":"wp","href":"https:\/\/api.w.org\/{rel}","templated":true}]}}